{"id":3451,"date":"2026-02-03T10:11:10","date_gmt":"2026-02-03T09:11:10","guid":{"rendered":"https:\/\/trendsupwest.com\/faq\/"},"modified":"2026-03-24T11:41:30","modified_gmt":"2026-03-24T10:41:30","slug":"faq","status":"publish","type":"page","link":"https:\/\/trendsupwest.com\/en\/faq\/","title":{"rendered":"FAQ"},"content":{"rendered":"\t\t<div data-elementor-type=\"wp-page\" data-elementor-id=\"3451\" class=\"elementor elementor-3451 elementor-30\" data-elementor-post-type=\"page\">\n\t\t\t\t<div class=\"elementor-element elementor-element-d4ddc33 e-flex e-con-boxed e-con e-parent\" data-id=\"d4ddc33\" data-element_type=\"container\" data-e-type=\"container\">\n\t\t\t\t\t<div class=\"e-con-inner\">\n\t\t<div class=\"elementor-element elementor-element-a33bd47 e-con-full e-flex e-con e-child\" data-id=\"a33bd47\" data-element_type=\"container\" data-e-type=\"container\">\n\t\t\t\t<div class=\"elementor-element elementor-element-017417a elementor-widget elementor-widget-heading\" data-id=\"017417a\" data-element_type=\"widget\" data-e-type=\"widget\" data-widget_type=\"heading.default\">\n\t\t\t\t\t<h1 class=\"elementor-heading-title elementor-size-default\">FAQ<\/h1>\t\t\t\t<\/div>\n\t\t\t\t<\/div>\n\t\t\t\t\t<\/div>\n\t\t\t\t<\/div>\n\t\t<div class=\"elementor-element elementor-element-eff0d27 e-flex e-con-boxed e-con e-parent\" data-id=\"eff0d27\" data-element_type=\"container\" data-e-type=\"container\">\n\t\t\t\t\t<div class=\"e-con-inner\">\n\t\t<div class=\"elementor-element elementor-element-4daf329 e-con-full e-flex e-con e-child\" data-id=\"4daf329\" data-element_type=\"container\" data-e-type=\"container\">\n\t\t\t\t<div class=\"elementor-element elementor-element-f5b02bf elementor-widget elementor-widget-n-accordion\" data-id=\"f5b02bf\" data-element_type=\"widget\" data-e-type=\"widget\" data-settings=\"{&quot;default_state&quot;:&quot;all_collapsed&quot;,&quot;max_items_expended&quot;:&quot;multiple&quot;,&quot;n_accordion_animation_duration&quot;:{&quot;unit&quot;:&quot;ms&quot;,&quot;size&quot;:200,&quot;sizes&quot;:[]}}\" data-widget_type=\"nested-accordion.default\">\n\t\t\t\t\t\t\t<div class=\"e-n-accordion\" aria-label=\"Accordion. Open links with Enter or Space, close with Escape, and navigate with Arrow Keys\">\n\t\t\t\t\t\t<details id=\"e-n-accordion-item-2570\" class=\"e-n-accordion-item\" >\n\t\t\t\t<summary class=\"e-n-accordion-item-title\" data-accordion-index=\"1\" tabindex=\"0\" aria-expanded=\"false\" aria-controls=\"e-n-accordion-item-2570\" >\n\t\t\t\t\t<span class='e-n-accordion-item-title-header'><div class=\"e-n-accordion-item-title-text\"> Who can attend TRENDS UP WEST?  <\/div><\/span>\n\t\t\t\t\t\t\t<span class='e-n-accordion-item-title-icon'>\n\t\t\t<span class='e-opened' ><svg aria-hidden=\"true\" class=\"e-font-icon-svg e-fas-minus\" viewBox=\"0 0 448 512\" xmlns=\"http:\/\/www.w3.org\/2000\/svg\"><path d=\"M416 208H32c-17.67 0-32 14.33-32 32v32c0 17.67 14.33 32 32 32h384c17.67 0 32-14.33 32-32v-32c0-17.67-14.33-32-32-32z\"><\/path><\/svg><\/span>\n\t\t\t<span class='e-closed'><svg aria-hidden=\"true\" class=\"e-font-icon-svg e-fas-plus\" viewBox=\"0 0 448 512\" xmlns=\"http:\/\/www.w3.org\/2000\/svg\"><path d=\"M416 208H272V64c0-17.67-14.33-32-32-32h-32c-17.67 0-32 14.33-32 32v144H32c-17.67 0-32 14.33-32 32v32c0 17.67 14.33 32 32 32h144v144c0 17.67 14.33 32 32 32h32c17.67 0 32-14.33 32-32V304h144c17.67 0 32-14.33 32-32v-32c0-17.67-14.33-32-32-32z\"><\/path><\/svg><\/span>\n\t\t<\/span>\n\n\t\t\t\t\t\t<\/summary>\n\t\t\t\t<div role=\"region\" aria-labelledby=\"e-n-accordion-item-2570\" class=\"elementor-element elementor-element-444de08 e-con-full e-flex e-con e-child\" data-id=\"444de08\" data-element_type=\"container\" data-e-type=\"container\">\n\t\t\t\t<div class=\"elementor-element elementor-element-33101c4 elementor-widget elementor-widget-text-editor\" data-id=\"33101c4\" data-element_type=\"widget\" data-e-type=\"widget\" data-widget_type=\"text-editor.default\">\n\t\t\t\t\t\t\t\t\tTRENDS UP WEST is aimed at trade professionals and retailers from all relevant sectors. Operators of concept stores, florists and other independent specialist retailers are just as welcome as buyers from major home and interior stores. The only requirement is that you have a registered business.\t\t\t\t\t\t\t\t<\/div>\n\t\t\t\t<\/div>\n\t\t\t\t\t<\/details>\n\t\t\t\t\t\t<details id=\"e-n-accordion-item-2571\" class=\"e-n-accordion-item\" >\n\t\t\t\t<summary class=\"e-n-accordion-item-title\" data-accordion-index=\"2\" tabindex=\"-1\" aria-expanded=\"false\" aria-controls=\"e-n-accordion-item-2571\" >\n\t\t\t\t\t<span class='e-n-accordion-item-title-header'><div class=\"e-n-accordion-item-title-text\"> What are the opening hours?  <\/div><\/span>\n\t\t\t\t\t\t\t<span class='e-n-accordion-item-title-icon'>\n\t\t\t<span class='e-opened' ><svg aria-hidden=\"true\" class=\"e-font-icon-svg e-fas-minus\" viewBox=\"0 0 448 512\" xmlns=\"http:\/\/www.w3.org\/2000\/svg\"><path d=\"M416 208H32c-17.67 0-32 14.33-32 32v32c0 17.67 14.33 32 32 32h384c17.67 0 32-14.33 32-32v-32c0-17.67-14.33-32-32-32z\"><\/path><\/svg><\/span>\n\t\t\t<span class='e-closed'><svg aria-hidden=\"true\" class=\"e-font-icon-svg e-fas-plus\" viewBox=\"0 0 448 512\" xmlns=\"http:\/\/www.w3.org\/2000\/svg\"><path d=\"M416 208H272V64c0-17.67-14.33-32-32-32h-32c-17.67 0-32 14.33-32 32v144H32c-17.67 0-32 14.33-32 32v32c0 17.67 14.33 32 32 32h144v144c0 17.67 14.33 32 32 32h32c17.67 0 32-14.33 32-32V304h144c17.67 0 32-14.33 32-32v-32c0-17.67-14.33-32-32-32z\"><\/path><\/svg><\/span>\n\t\t<\/span>\n\n\t\t\t\t\t\t<\/summary>\n\t\t\t\t<div role=\"region\" aria-labelledby=\"e-n-accordion-item-2571\" class=\"elementor-element elementor-element-3176a07 e-con-full e-flex e-con e-child\" data-id=\"3176a07\" data-element_type=\"container\" data-e-type=\"container\">\n\t\t\t\t<div class=\"elementor-element elementor-element-aa2c1d6 elementor-widget elementor-widget-text-editor\" data-id=\"aa2c1d6\" data-element_type=\"widget\" data-e-type=\"widget\" data-widget_type=\"text-editor.default\">\n\t\t\t\t\t\t\t\t\t<p>The next TRENDS UP WEST will take place from Saturday, 27 June 2026, to Monday, 29 June 2026.<br>Opening hours:<br>Saturday: 10:00 am to 6:00 pm<br>Sunday: 10:00 am to 6:00 pm<br>Monday: 10:00 am to 5:00 pm<\/p>\t\t\t\t\t\t\t\t<\/div>\n\t\t\t\t<\/div>\n\t\t\t\t\t<\/details>\n\t\t\t\t\t\t<details id=\"e-n-accordion-item-2572\" class=\"e-n-accordion-item\" >\n\t\t\t\t<summary class=\"e-n-accordion-item-title\" data-accordion-index=\"3\" tabindex=\"-1\" aria-expanded=\"false\" aria-controls=\"e-n-accordion-item-2572\" >\n\t\t\t\t\t<span class='e-n-accordion-item-title-header'><div class=\"e-n-accordion-item-title-text\"> How can I register to attend TRENDS UP WEST and purchase tickets?  <\/div><\/span>\n\t\t\t\t\t\t\t<span class='e-n-accordion-item-title-icon'>\n\t\t\t<span class='e-opened' ><svg aria-hidden=\"true\" class=\"e-font-icon-svg e-fas-minus\" viewBox=\"0 0 448 512\" xmlns=\"http:\/\/www.w3.org\/2000\/svg\"><path d=\"M416 208H32c-17.67 0-32 14.33-32 32v32c0 17.67 14.33 32 32 32h384c17.67 0 32-14.33 32-32v-32c0-17.67-14.33-32-32-32z\"><\/path><\/svg><\/span>\n\t\t\t<span class='e-closed'><svg aria-hidden=\"true\" class=\"e-font-icon-svg e-fas-plus\" viewBox=\"0 0 448 512\" xmlns=\"http:\/\/www.w3.org\/2000\/svg\"><path d=\"M416 208H272V64c0-17.67-14.33-32-32-32h-32c-17.67 0-32 14.33-32 32v144H32c-17.67 0-32 14.33-32 32v32c0 17.67 14.33 32 32 32h144v144c0 17.67 14.33 32 32 32h32c17.67 0 32-14.33 32-32V304h144c17.67 0 32-14.33 32-32v-32c0-17.67-14.33-32-32-32z\"><\/path><\/svg><\/span>\n\t\t<\/span>\n\n\t\t\t\t\t\t<\/summary>\n\t\t\t\t<div role=\"region\" aria-labelledby=\"e-n-accordion-item-2572\" class=\"elementor-element elementor-element-55b8302 e-con-full e-flex e-con e-child\" data-id=\"55b8302\" data-element_type=\"container\" data-e-type=\"container\">\n\t\t\t\t<div class=\"elementor-element elementor-element-87bf1eb elementor-widget elementor-widget-text-editor\" data-id=\"87bf1eb\" data-element_type=\"widget\" data-e-type=\"widget\" data-widget_type=\"text-editor.default\">\n\t\t\t\t\t\t\t\t\t<p>Please note that TRENDS UP WEST is exclusively open to trade visitors. To register, please use our ticketing tool, which you can find in the menu under <a href=\"https:\/\/tickets.peopleme.de\/de\/shop\/trendsup-west-2026?_gl=1*ydxdr*_gcl_au*MjgyNDkwMjU2LjE3NzIxMTYyNzU.\">\u201cTICKETS\u201d.<\/a><\/p>\t\t\t\t\t\t\t\t<\/div>\n\t\t\t\t<\/div>\n\t\t\t\t\t<\/details>\n\t\t\t\t\t\t<details id=\"e-n-accordion-item-2573\" class=\"e-n-accordion-item\" >\n\t\t\t\t<summary class=\"e-n-accordion-item-title\" data-accordion-index=\"4\" tabindex=\"-1\" aria-expanded=\"false\" aria-controls=\"e-n-accordion-item-2573\" >\n\t\t\t\t\t<span class='e-n-accordion-item-title-header'><div class=\"e-n-accordion-item-title-text\"> Where can I find the brands that are participating?  <\/div><\/span>\n\t\t\t\t\t\t\t<span class='e-n-accordion-item-title-icon'>\n\t\t\t<span class='e-opened' ><svg aria-hidden=\"true\" class=\"e-font-icon-svg e-fas-minus\" viewBox=\"0 0 448 512\" xmlns=\"http:\/\/www.w3.org\/2000\/svg\"><path d=\"M416 208H32c-17.67 0-32 14.33-32 32v32c0 17.67 14.33 32 32 32h384c17.67 0 32-14.33 32-32v-32c0-17.67-14.33-32-32-32z\"><\/path><\/svg><\/span>\n\t\t\t<span class='e-closed'><svg aria-hidden=\"true\" class=\"e-font-icon-svg e-fas-plus\" viewBox=\"0 0 448 512\" xmlns=\"http:\/\/www.w3.org\/2000\/svg\"><path d=\"M416 208H272V64c0-17.67-14.33-32-32-32h-32c-17.67 0-32 14.33-32 32v144H32c-17.67 0-32 14.33-32 32v32c0 17.67 14.33 32 32 32h144v144c0 17.67 14.33 32 32 32h32c17.67 0 32-14.33 32-32V304h144c17.67 0 32-14.33 32-32v-32c0-17.67-14.33-32-32-32z\"><\/path><\/svg><\/span>\n\t\t<\/span>\n\n\t\t\t\t\t\t<\/summary>\n\t\t\t\t<div role=\"region\" aria-labelledby=\"e-n-accordion-item-2573\" class=\"elementor-element elementor-element-12a70c4 e-con-full e-flex e-con e-child\" data-id=\"12a70c4\" data-element_type=\"container\" data-e-type=\"container\">\n\t\t\t\t<div class=\"elementor-element elementor-element-b7c37bd elementor-widget elementor-widget-text-editor\" data-id=\"b7c37bd\" data-element_type=\"widget\" data-e-type=\"widget\" data-widget_type=\"text-editor.default\">\n\t\t\t\t\t\t\t\t\t<p>Click on \u201e<a href=\"https:\/\/trendsupwest.com\/en\/brands\/\">BRANDS<\/a>\u201c in the main menu to be taken to the corresponding overview page. There will also be a digital version of the exhibitor catalogue, which will be available under the menu item \u201eBRANDS\u201c . For environmental reasons, there will no longer be a printed version.<\/p>\t\t\t\t\t\t\t\t<\/div>\n\t\t\t\t<\/div>\n\t\t\t\t\t<\/details>\n\t\t\t\t\t\t<details id=\"e-n-accordion-item-2574\" class=\"e-n-accordion-item\" >\n\t\t\t\t<summary class=\"e-n-accordion-item-title\" data-accordion-index=\"5\" tabindex=\"-1\" aria-expanded=\"false\" aria-controls=\"e-n-accordion-item-2574\" >\n\t\t\t\t\t<span class='e-n-accordion-item-title-header'><div class=\"e-n-accordion-item-title-text\"> How can I get there? <\/div><\/span>\n\t\t\t\t\t\t\t<span class='e-n-accordion-item-title-icon'>\n\t\t\t<span class='e-opened' ><svg aria-hidden=\"true\" class=\"e-font-icon-svg e-fas-minus\" viewBox=\"0 0 448 512\" xmlns=\"http:\/\/www.w3.org\/2000\/svg\"><path d=\"M416 208H32c-17.67 0-32 14.33-32 32v32c0 17.67 14.33 32 32 32h384c17.67 0 32-14.33 32-32v-32c0-17.67-14.33-32-32-32z\"><\/path><\/svg><\/span>\n\t\t\t<span class='e-closed'><svg aria-hidden=\"true\" class=\"e-font-icon-svg e-fas-plus\" viewBox=\"0 0 448 512\" xmlns=\"http:\/\/www.w3.org\/2000\/svg\"><path d=\"M416 208H272V64c0-17.67-14.33-32-32-32h-32c-17.67 0-32 14.33-32 32v144H32c-17.67 0-32 14.33-32 32v32c0 17.67 14.33 32 32 32h144v144c0 17.67 14.33 32 32 32h32c17.67 0 32-14.33 32-32V304h144c17.67 0 32-14.33 32-32v-32c0-17.67-14.33-32-32-32z\"><\/path><\/svg><\/span>\n\t\t<\/span>\n\n\t\t\t\t\t\t<\/summary>\n\t\t\t\t<div role=\"region\" aria-labelledby=\"e-n-accordion-item-2574\" class=\"elementor-element elementor-element-5307e16 e-con-full e-flex e-con e-child\" data-id=\"5307e16\" data-element_type=\"container\" data-e-type=\"container\">\n\t\t\t\t<div class=\"elementor-element elementor-element-af917c0 elementor-widget elementor-widget-text-editor\" data-id=\"af917c0\" data-element_type=\"widget\" data-e-type=\"widget\" data-widget_type=\"text-editor.default\">\n\t\t\t\t\t\t\t\t\t<p>ADRESS: <a href=\"https:\/\/www.google.de\/maps\/place\/AREAL+B%C3%96HLER\/@51.2459976,6.7092587,17z\/data=!3m1!4b1!4m5!3m4!1s0x47b8b67a4209f841:0x37b5e4732b12343d!8m2!3d51.2459943!4d6.7114474?shorturl=1\">AREAL B\u00d6HLER, Hansaallee 321, 40549 D\u00fcsseldorf<\/a><\/p><p>LOCATION: D\u00fcsseldorf-Meerbusch, 50 km from Cologne and just 45 km from the Dutch border.<\/p><p>The event venue AREAL B\u00d6HLER offers ideal conditions for this premier event in the western metropolitan region.<\/p><p>By public transport (from D\u00fcsseldorf Central Station), take lines U74 or U76 (towards Krefeld \/ L\u00f6rick) to the L\u00f6rick stop (not L\u00f6ricker Stra\u00dfe) \u2013 conveniently located right by AREAL B\u00d6HLER.<\/p><p>AREAL B\u00d6HLER is easy and quick to reach by car via the A57, A52 and A44 motorways.<\/p>\t\t\t\t\t\t\t\t<\/div>\n\t\t\t\t<\/div>\n\t\t\t\t\t<\/details>\n\t\t\t\t\t\t<details id=\"e-n-accordion-item-2575\" class=\"e-n-accordion-item\" >\n\t\t\t\t<summary class=\"e-n-accordion-item-title\" data-accordion-index=\"6\" tabindex=\"-1\" aria-expanded=\"false\" aria-controls=\"e-n-accordion-item-2575\" >\n\t\t\t\t\t<span class='e-n-accordion-item-title-header'><div class=\"e-n-accordion-item-title-text\"> Are there any hotels nearby?  <\/div><\/span>\n\t\t\t\t\t\t\t<span class='e-n-accordion-item-title-icon'>\n\t\t\t<span class='e-opened' ><svg aria-hidden=\"true\" class=\"e-font-icon-svg e-fas-minus\" viewBox=\"0 0 448 512\" xmlns=\"http:\/\/www.w3.org\/2000\/svg\"><path d=\"M416 208H32c-17.67 0-32 14.33-32 32v32c0 17.67 14.33 32 32 32h384c17.67 0 32-14.33 32-32v-32c0-17.67-14.33-32-32-32z\"><\/path><\/svg><\/span>\n\t\t\t<span class='e-closed'><svg aria-hidden=\"true\" class=\"e-font-icon-svg e-fas-plus\" viewBox=\"0 0 448 512\" xmlns=\"http:\/\/www.w3.org\/2000\/svg\"><path d=\"M416 208H272V64c0-17.67-14.33-32-32-32h-32c-17.67 0-32 14.33-32 32v144H32c-17.67 0-32 14.33-32 32v32c0 17.67 14.33 32 32 32h144v144c0 17.67 14.33 32 32 32h32c17.67 0 32-14.33 32-32V304h144c17.67 0 32-14.33 32-32v-32c0-17.67-14.33-32-32-32z\"><\/path><\/svg><\/span>\n\t\t<\/span>\n\n\t\t\t\t\t\t<\/summary>\n\t\t\t\t<div role=\"region\" aria-labelledby=\"e-n-accordion-item-2575\" class=\"elementor-element elementor-element-6cf4861 e-con-full e-flex e-con e-child\" data-id=\"6cf4861\" data-element_type=\"container\" data-e-type=\"container\">\n\t\t\t\t<div class=\"elementor-element elementor-element-c375582 elementor-widget elementor-widget-text-editor\" data-id=\"c375582\" data-element_type=\"widget\" data-e-type=\"widget\" data-widget_type=\"text-editor.default\">\n\t\t\t\t\t\t\t\t\t<p>You can find our partner hotels, including all relevant information and special rates, on the \u201e<a href=\"https:\/\/trendsupwest.com\/en\/for-visitors\/\">Hotels &amp; Anfahrt<\/a>\u201c page.<\/p><p>Additional hotels located in the immediate vicinity of AREAL B\u00d6HLER:<\/p><p><strong>Hotel Fischerhaus<\/strong><br>Bonifatiusstra\u00dfe 35, 40547 D\u00fcsseldorf<\/p><p><strong>Courtyard Marriott<\/strong><br>Am Seestern 16, 40547 D\u00fcsseldorf<\/p><p><strong>H-Hotels.com<\/strong><br>Emanuel-Leutze-Stra\u00dfe 4, 40547 D\u00fcsseldorf<\/p><p><strong>me and all hotel<\/strong><br>Hansaallee 1a, 40549 D\u00fcsseldorf<\/p>\t\t\t\t\t\t\t\t<\/div>\n\t\t\t\t<\/div>\n\t\t\t\t\t<\/details>\n\t\t\t\t\t<\/div>\n\t\t\t\t\t<script type=\"application\/ld+json\">{\"@context\":\"https:\\\/\\\/schema.org\",\"@type\":\"FAQPage\",\"mainEntity\":[{\"@type\":\"Question\",\"name\":\"Who can attend TRENDS UP WEST?\",\"acceptedAnswer\":{\"@type\":\"Answer\",\"text\":\"TRENDS UP WEST is aimed at trade professionals and retailers from all relevant sectors. Operators of concept stores, florists and other independent specialist retailers are just as welcome as buyers from major home and interior stores. The only requirement is that you have a registered business.\"}},{\"@type\":\"Question\",\"name\":\"What are the opening hours?\",\"acceptedAnswer\":{\"@type\":\"Answer\",\"text\":\"The next TRENDS UP WEST will take place from Saturday, 27 June 2026, to Monday, 29 June 2026.Opening hours:Saturday: 10:00 am to 6:00 pmSunday: 10:00 am to 6:00 pmMonday: 10:00 am to 5:00 pm\"}},{\"@type\":\"Question\",\"name\":\"How can I register to attend TRENDS UP WEST and purchase tickets?\",\"acceptedAnswer\":{\"@type\":\"Answer\",\"text\":\"Please note that TRENDS UP WEST is exclusively open to trade visitors. To register, please use our ticketing tool, which you can find in the menu under \\u201cTICKETS\\u201d.\"}},{\"@type\":\"Question\",\"name\":\"Where can I find the brands that are participating?\",\"acceptedAnswer\":{\"@type\":\"Answer\",\"text\":\"Click on \\u201eBRANDS\\u201c in the main menu to be taken to the corresponding overview page. There will also be a digital version of the exhibitor catalogue, which will be available under the menu item \\u201eBRANDS\\u201c . For environmental reasons, there will no longer be a printed version.\"}},{\"@type\":\"Question\",\"name\":\"How can I get there?\",\"acceptedAnswer\":{\"@type\":\"Answer\",\"text\":\"ADRESS: AREAL B\\u00d6HLER, Hansaallee 321, 40549 D\\u00fcsseldorfLOCATION: D\\u00fcsseldorf-Meerbusch, 50 km from Cologne and just 45 km from the Dutch border.The event venue AREAL B\\u00d6HLER offers ideal conditions for this premier event in the western metropolitan region.By public transport (from D\\u00fcsseldorf Central Station), take lines U74 or U76 (towards Krefeld \\\/ L\\u00f6rick) to the L\\u00f6rick stop (not L\\u00f6ricker Stra\\u00dfe) \\u2013 conveniently located right by AREAL B\\u00d6HLER.AREAL B\\u00d6HLER is easy and quick to reach by car via the A57, A52 and A44 motorways.\"}},{\"@type\":\"Question\",\"name\":\"Are there any hotels nearby?\",\"acceptedAnswer\":{\"@type\":\"Answer\",\"text\":\"You can find our partner hotels, including all relevant information and special rates, on the \\u201eHotels &amp; Anfahrt\\u201c page.Additional hotels located in the immediate vicinity of AREAL B\\u00d6HLER:Hotel FischerhausBonifatiusstra\\u00dfe 35, 40547 D\\u00fcsseldorfCourtyard MarriottAm Seestern 16, 40547 D\\u00fcsseldorfH-Hotels.comEmanuel-Leutze-Stra\\u00dfe 4, 40547 D\\u00fcsseldorfme and all hotelHansaallee 1a, 40549 D\\u00fcsseldorf\"}}]}<\/script>\n\t\t\t\t\t\t\t<\/div>\n\t\t\t\t<\/div>\n\t\t\t\t\t<\/div>\n\t\t\t\t<\/div>\n\t\t<div class=\"elementor-element elementor-element-0efbadd e-flex e-con-boxed e-con e-parent\" data-id=\"0efbadd\" data-element_type=\"container\" data-e-type=\"container\">\n\t\t\t\t\t<div class=\"e-con-inner\">\n\t\t<div class=\"elementor-element elementor-element-29cb167 e-con-full e-flex e-con e-child\" data-id=\"29cb167\" data-element_type=\"container\" data-e-type=\"container\">\n\t\t\t\t<div class=\"elementor-element elementor-element-a62b3f8 elementor-widget elementor-widget-heading\" data-id=\"a62b3f8\" data-element_type=\"widget\" data-e-type=\"widget\" data-widget_type=\"heading.default\">\n\t\t\t\t\t<h4 class=\"elementor-heading-title elementor-size-default\">Any further questions?<\/h4>\t\t\t\t<\/div>\n\t\t\t\t<div class=\"elementor-element elementor-element-633f6f8 elementor-widget elementor-widget-text-editor\" data-id=\"633f6f8\" data-element_type=\"widget\" data-e-type=\"widget\" data-widget_type=\"text-editor.default\">\n\t\t\t\t\t\t\t\t\t<p>Call us on <a href=\"tel:+4921152280920\">+49 (0)211 52280920<\/a> or send us an email at <a href=\"mailto:info@trendsupwest.com\">info@trendsupwest.com<\/a>.<\/p>\t\t\t\t\t\t\t\t<\/div>\n\t\t\t\t<\/div>\n\t\t\t\t\t<\/div>\n\t\t\t\t<\/div>\n\t\t\t\t<\/div>\n\t\t","protected":false},"excerpt":{"rendered":"<p>FAQ Who can attend TRENDS UP WEST? TRENDS UP WEST is aimed at trade professionals and retailers from all relevant sectors. Operators of concept stores, florists and other independent specialist retailers are just as welcome as buyers from major home and interior stores. The only requirement is that you have a registered business. What are [&hellip;]<\/p>\n","protected":false},"author":2,"featured_media":0,"parent":0,"menu_order":10,"comment_status":"closed","ping_status":"closed","template":"elementor_header_footer","meta":{"footnotes":""},"class_list":["post-3451","page","type-page","status-publish","hentry"],"_links":{"self":[{"href":"https:\/\/trendsupwest.com\/en\/wp-json\/wp\/v2\/pages\/3451","targetHints":{"allow":["GET"]}}],"collection":[{"href":"https:\/\/trendsupwest.com\/en\/wp-json\/wp\/v2\/pages"}],"about":[{"href":"https:\/\/trendsupwest.com\/en\/wp-json\/wp\/v2\/types\/page"}],"author":[{"embeddable":true,"href":"https:\/\/trendsupwest.com\/en\/wp-json\/wp\/v2\/users\/2"}],"replies":[{"embeddable":true,"href":"https:\/\/trendsupwest.com\/en\/wp-json\/wp\/v2\/comments?post=3451"}],"version-history":[{"count":4,"href":"https:\/\/trendsupwest.com\/en\/wp-json\/wp\/v2\/pages\/3451\/revisions"}],"predecessor-version":[{"id":4123,"href":"https:\/\/trendsupwest.com\/en\/wp-json\/wp\/v2\/pages\/3451\/revisions\/4123"}],"wp:attachment":[{"href":"https:\/\/trendsupwest.com\/en\/wp-json\/wp\/v2\/media?parent=3451"}],"curies":[{"name":"wp","href":"https:\/\/api.w.org\/{rel}","templated":true}]}}