{"id":3441,"date":"2026-02-03T10:12:15","date_gmt":"2026-02-03T09:12:15","guid":{"rendered":"https:\/\/trendsupwest.com\/besucher-info\/"},"modified":"2026-04-09T12:56:35","modified_gmt":"2026-04-09T10:56:35","slug":"visitors","status":"publish","type":"page","link":"https:\/\/trendsupwest.com\/en\/visitors\/","title":{"rendered":"For Visitors"},"content":{"rendered":"\t\t<div data-elementor-type=\"wp-page\" data-elementor-id=\"3441\" class=\"elementor elementor-3441 elementor-34\" data-elementor-post-type=\"page\">\n\t\t\t\t<div class=\"elementor-element elementor-element-2d37b7c e-flex e-con-boxed e-con e-parent\" data-id=\"2d37b7c\" data-element_type=\"container\" data-e-type=\"container\">\n\t\t\t\t\t<div class=\"e-con-inner\">\n\t\t<div class=\"elementor-element elementor-element-d4eae4d e-con-full e-flex e-con e-child\" data-id=\"d4eae4d\" data-element_type=\"container\" data-e-type=\"container\">\n\t\t\t\t<div class=\"elementor-element elementor-element-7a90845 elementor-widget elementor-widget-heading\" data-id=\"7a90845\" data-element_type=\"widget\" data-e-type=\"widget\" data-widget_type=\"heading.default\">\n\t\t\t\t\t<h1 class=\"elementor-heading-title elementor-size-default\">Visitor Information<\/h1>\t\t\t\t<\/div>\n\t\t\t\t<div class=\"elementor-element elementor-element-6a1c7b7 elementor-widget elementor-widget-text-editor\" data-id=\"6a1c7b7\" data-element_type=\"widget\" data-e-type=\"widget\" data-widget_type=\"text-editor.default\">\n\t\t\t\t\t\t\t\t\t<h4><strong>Opening Hours \u2013 Trends Up West 8.0<\/strong><\/h4><ul><li>Saturday, June 27, 2026 \u00b7 10:00 AM \u2013 6:00 PM<\/li><li>Sunday, June 28, 2026 \u00b7 10:00 AM \u2013 6:00 PM<\/li><li>Monday, June 29, 2026 \u00b7 10:00 AM \u2013 5:00 PM<\/li><\/ul>\t\t\t\t\t\t\t\t<\/div>\n\t\t\t\t<div class=\"elementor-element elementor-element-4fb9344 elementor-widget elementor-widget-text-editor\" data-id=\"4fb9344\" data-element_type=\"widget\" data-e-type=\"widget\" data-widget_type=\"text-editor.default\">\n\t\t\t\t\t\t\t\t\t<h4>Location:<\/h4><p>ADRESS: <a href=\"https:\/\/goo.gl\/maps\/dEiPpJmmwfCx9gzG9\" target=\"_blank\" rel=\"noopener\">AREAL B\u00d6HLER, Hansaallee 321, 40549 D\u00fcsseldorf<\/a><\/p><p>LOCATION: D\u00fcsseldorf-Meerbusch, 50 km from Cologne and only 45 km from the Dutch border.<br>The event venue \u201cAREAL B\u00d6HLER\u201d offers ideal conditions for this top event in the Western metropolitan region.<\/p><p>By public transport (from D\u00fcsseldorf Central Station), tram lines U74 and U76 (direction Krefeld \/ L\u00f6rick) stop at the L\u00f6rick station (not L\u00f6ricker Stra\u00dfe) \u2013 conveniently located directly at AREAL B\u00d6HLER.<\/p><p>By car, AREAL B\u00d6HLER is easily and quickly accessible via the A57, A52, and A44 motorways.<\/p><p>Further information, including details on public transportation, can be found directly <a href=\"https:\/\/areal-boehler.de\/besuch\" target=\"_blank\" rel=\"noopener\">on the AREAL B\u00d6HLER website.<\/a><\/p>\t\t\t\t\t\t\t\t<\/div>\n\t\t\t\t<\/div>\n\t\t\t\t\t<\/div>\n\t\t\t\t<\/div>\n\t\t<div class=\"elementor-element elementor-element-ef6b481 e-flex e-con-boxed e-con e-parent\" data-id=\"ef6b481\" data-element_type=\"container\" data-e-type=\"container\">\n\t\t\t\t\t<div class=\"e-con-inner\">\n\t\t<div class=\"elementor-element elementor-element-8d2daab e-con-full e-flex e-con e-child\" data-id=\"8d2daab\" data-element_type=\"container\" data-e-type=\"container\">\n\t\t\t\t<div class=\"elementor-element elementor-element-3110caf elementor-widget elementor-widget-heading\" data-id=\"3110caf\" data-element_type=\"widget\" data-e-type=\"widget\" data-widget_type=\"heading.default\">\n\t\t\t\t\t<h3 class=\"elementor-heading-title elementor-size-default\">Partner-Hotels:<\/h3>\t\t\t\t<\/div>\n\t\t\t\t<\/div>\n\t\t\t\t\t<\/div>\n\t\t\t\t<\/div>\n\t\t<div class=\"elementor-element elementor-element-42cd8d8 e-flex e-con-boxed e-con e-parent\" data-id=\"42cd8d8\" data-element_type=\"container\" data-e-type=\"container\">\n\t\t\t\t\t<div class=\"e-con-inner\">\n\t\t<div class=\"elementor-element elementor-element-60291a2 e-con-full e-flex e-con e-child\" data-id=\"60291a2\" data-element_type=\"container\" data-e-type=\"container\">\n\t\t<div class=\"elementor-element elementor-element-68811e0 e-con-full e-flex e-con e-child\" data-id=\"68811e0\" data-element_type=\"container\" data-e-type=\"container\" data-settings=\"{&quot;background_background&quot;:&quot;classic&quot;}\">\n\t\t\t\t<div class=\"elementor-element elementor-element-581a523 elementor-widget elementor-widget-text-editor\" data-id=\"581a523\" data-element_type=\"widget\" data-e-type=\"widget\" data-widget_type=\"text-editor.default\">\n\t\t\t\t\t\t\t\t\t<p>Distinctive Charm<\/p>\t\t\t\t\t\t\t\t<\/div>\n\t\t\t\t<div class=\"elementor-element elementor-element-9c210dc elementor-widget elementor-widget-heading\" data-id=\"9c210dc\" data-element_type=\"widget\" data-e-type=\"widget\" data-widget_type=\"heading.default\">\n\t\t\t\t\t<h4 class=\"elementor-heading-title elementor-size-default\">Hotel Fischerhaus<\/h4>\t\t\t\t<\/div>\n\t\t\t\t<div class=\"elementor-element elementor-element-65959ba elementor-widget elementor-widget-text-editor\" data-id=\"65959ba\" data-element_type=\"widget\" data-e-type=\"widget\" data-widget_type=\"text-editor.default\">\n\t\t\t\t\t\t\t\t\t<p><b>Booking code:<br>TUW206<br>with 10% off the daily rate<\/b><\/p>\t\t\t\t\t\t\t\t<\/div>\n\t\t\t\t<\/div>\n\t\t<div class=\"elementor-element elementor-element-cc1b175 e-con-full e-flex e-con e-child\" data-id=\"cc1b175\" data-element_type=\"container\" data-e-type=\"container\" data-settings=\"{&quot;background_background&quot;:&quot;classic&quot;}\">\n\t\t\t\t<div class=\"elementor-element elementor-element-df054f9 elementor-align-right elementor-widget elementor-widget-button\" data-id=\"df054f9\" data-element_type=\"widget\" data-e-type=\"widget\" data-widget_type=\"button.default\">\n\t\t\t\t\t\t\t\t\t\t<a class=\"elementor-button elementor-button-link elementor-size-sm\" href=\"http:\/\/www.fischerhaus-hotel.de\/\" target=\"_blank\">\n\t\t\t\t\t\t<span class=\"elementor-button-content-wrapper\">\n\t\t\t\t\t\t\t\t\t<span class=\"elementor-button-text\">To the website<\/span>\n\t\t\t\t\t<\/span>\n\t\t\t\t\t<\/a>\n\t\t\t\t\t\t\t\t<\/div>\n\t\t\t\t<\/div>\n\t\t\t\t<\/div>\n\t\t<div class=\"elementor-element elementor-element-d4d96fa e-con-full e-flex e-con e-child\" data-id=\"d4d96fa\" data-element_type=\"container\" data-e-type=\"container\">\n\t\t<div class=\"elementor-element elementor-element-c52a285 e-con-full e-flex e-con e-child\" data-id=\"c52a285\" data-element_type=\"container\" data-e-type=\"container\" data-settings=\"{&quot;background_background&quot;:&quot;classic&quot;}\">\n\t\t\t\t<div class=\"elementor-element elementor-element-97ab48d elementor-widget elementor-widget-text-editor\" data-id=\"97ab48d\" data-element_type=\"widget\" data-e-type=\"widget\" data-widget_type=\"text-editor.default\">\n\t\t\t\t\t\t\t\t\t<p>stylish<\/p>\t\t\t\t\t\t\t\t<\/div>\n\t\t\t\t<div class=\"elementor-element elementor-element-3176cd4 elementor-widget elementor-widget-heading\" data-id=\"3176cd4\" data-element_type=\"widget\" data-e-type=\"widget\" data-widget_type=\"heading.default\">\n\t\t\t\t\t<h4 class=\"elementor-heading-title elementor-size-default\">Courtyard Marriott<\/h4>\t\t\t\t<\/div>\n\t\t\t\t<div class=\"elementor-element elementor-element-6c90b28 elementor-widget elementor-widget-text-editor\" data-id=\"6c90b28\" data-element_type=\"widget\" data-e-type=\"widget\" data-widget_type=\"text-editor.default\">\n\t\t\t\t\t\t\t\t\t<p><b>Booking code:<br>TUW206<br>with 10% off the daily rate<\/b><\/p>\t\t\t\t\t\t\t\t<\/div>\n\t\t\t\t<\/div>\n\t\t<div class=\"elementor-element elementor-element-e6231b2 e-con-full e-flex e-con e-child\" data-id=\"e6231b2\" data-element_type=\"container\" data-e-type=\"container\" data-settings=\"{&quot;background_background&quot;:&quot;classic&quot;}\">\n\t\t\t\t<div class=\"elementor-element elementor-element-1c9fbb3 elementor-align-right elementor-widget elementor-widget-button\" data-id=\"1c9fbb3\" data-element_type=\"widget\" data-e-type=\"widget\" data-widget_type=\"button.default\">\n\t\t\t\t\t\t\t\t\t\t<a class=\"elementor-button elementor-button-link elementor-size-sm\" href=\"https:\/\/www.marriott.com\/de\/hotels\/duscy-courtyard-duesseldorf-seestern\/overview\/\" target=\"_blank\">\n\t\t\t\t\t\t<span class=\"elementor-button-content-wrapper\">\n\t\t\t\t\t\t\t\t\t<span class=\"elementor-button-text\">To the website<\/span>\n\t\t\t\t\t<\/span>\n\t\t\t\t\t<\/a>\n\t\t\t\t\t\t\t\t<\/div>\n\t\t\t\t<\/div>\n\t\t\t\t<\/div>\n\t\t<div class=\"elementor-element elementor-element-49b1423 e-con-full e-flex e-con e-child\" data-id=\"49b1423\" data-element_type=\"container\" data-e-type=\"container\">\n\t\t<div class=\"elementor-element elementor-element-7757764 e-con-full e-flex e-con e-child\" data-id=\"7757764\" data-element_type=\"container\" data-e-type=\"container\" data-settings=\"{&quot;background_background&quot;:&quot;classic&quot;}\">\n\t\t\t\t<div class=\"elementor-element elementor-element-c57c952 elementor-widget elementor-widget-text-editor\" data-id=\"c57c952\" data-element_type=\"widget\" data-e-type=\"widget\" data-widget_type=\"text-editor.default\">\n\t\t\t\t\t\t\t\t\t<p>TOP LOCATION<\/p>\t\t\t\t\t\t\t\t<\/div>\n\t\t\t\t<div class=\"elementor-element elementor-element-ace9734 elementor-widget elementor-widget-heading\" data-id=\"ace9734\" data-element_type=\"widget\" data-e-type=\"widget\" data-widget_type=\"heading.default\">\n\t\t\t\t\t<h4 class=\"elementor-heading-title elementor-size-default\">H-HOTELS.COM<\/h4>\t\t\t\t<\/div>\n\t\t\t\t<div class=\"elementor-element elementor-element-ed314be elementor-widget elementor-widget-text-editor\" data-id=\"ed314be\" data-element_type=\"widget\" data-e-type=\"widget\" data-widget_type=\"text-editor.default\">\n\t\t\t\t\t\t\t\t\t<b>Buchungscode: <br>COD-34454<br>mit 10% auf die Tagesrate<\/b>\t\t\t\t\t\t\t\t<\/div>\n\t\t\t\t<\/div>\n\t\t<div class=\"elementor-element elementor-element-6afddb6 e-con-full e-flex e-con e-child\" data-id=\"6afddb6\" data-element_type=\"container\" data-e-type=\"container\" data-settings=\"{&quot;background_background&quot;:&quot;classic&quot;}\">\n\t\t\t\t<div class=\"elementor-element elementor-element-df3c0ac elementor-align-right elementor-widget elementor-widget-button\" data-id=\"df3c0ac\" data-element_type=\"widget\" data-e-type=\"widget\" data-widget_type=\"button.default\">\n\t\t\t\t\t\t\t\t\t\t<a class=\"elementor-button elementor-button-link elementor-size-sm\" href=\"https:\/\/www.h-hotels.com\/de\/h2\/hotels\/h2-hotel-duesseldorf-seestern\" target=\"_blank\">\n\t\t\t\t\t\t<span class=\"elementor-button-content-wrapper\">\n\t\t\t\t\t\t\t\t\t<span class=\"elementor-button-text\">To the website<\/span>\n\t\t\t\t\t<\/span>\n\t\t\t\t\t<\/a>\n\t\t\t\t\t\t\t\t<\/div>\n\t\t\t\t<\/div>\n\t\t\t\t<\/div>\n\t\t<div class=\"elementor-element elementor-element-f518870 e-con-full e-flex e-con e-child\" data-id=\"f518870\" data-element_type=\"container\" data-e-type=\"container\">\n\t\t<div class=\"elementor-element elementor-element-c0058bf e-con-full e-flex e-con e-child\" data-id=\"c0058bf\" data-element_type=\"container\" data-e-type=\"container\" data-settings=\"{&quot;background_background&quot;:&quot;classic&quot;}\">\n\t\t\t\t<div class=\"elementor-element elementor-element-9e292d5 elementor-widget elementor-widget-text-editor\" data-id=\"9e292d5\" data-element_type=\"widget\" data-e-type=\"widget\" data-widget_type=\"text-editor.default\">\n\t\t\t\t\t\t\t\t\t<p>Magic<\/p>\t\t\t\t\t\t\t\t<\/div>\n\t\t\t\t<div class=\"elementor-element elementor-element-7b3eb45 elementor-widget elementor-widget-heading\" data-id=\"7b3eb45\" data-element_type=\"widget\" data-e-type=\"widget\" data-widget_type=\"heading.default\">\n\t\t\t\t\t<h4 class=\"elementor-heading-title elementor-size-default\">ME and all hotel<\/h4>\t\t\t\t<\/div>\n\t\t\t\t<\/div>\n\t\t<div class=\"elementor-element elementor-element-0d1b450 e-con-full e-flex e-con e-child\" data-id=\"0d1b450\" data-element_type=\"container\" data-e-type=\"container\" data-settings=\"{&quot;background_background&quot;:&quot;classic&quot;}\">\n\t\t\t\t<div class=\"elementor-element elementor-element-6012ab2 elementor-align-right elementor-widget elementor-widget-button\" data-id=\"6012ab2\" data-element_type=\"widget\" data-e-type=\"widget\" data-widget_type=\"button.default\">\n\t\t\t\t\t\t\t\t\t\t<a class=\"elementor-button elementor-button-link elementor-size-sm\" href=\"https:\/\/www.hyatt.com\/me-and-all-hotels\/de-DE\/dusjo-me-and-all-hotel-dusseldorf-oberkassel\" target=\"_blank\">\n\t\t\t\t\t\t<span class=\"elementor-button-content-wrapper\">\n\t\t\t\t\t\t\t\t\t<span class=\"elementor-button-text\">To the website<\/span>\n\t\t\t\t\t<\/span>\n\t\t\t\t\t<\/a>\n\t\t\t\t\t\t\t\t<\/div>\n\t\t\t\t<\/div>\n\t\t\t\t<\/div>\n\t\t<div class=\"elementor-element elementor-element-eb8f7f2 e-con-full e-flex e-con e-child\" data-id=\"eb8f7f2\" data-element_type=\"container\" data-e-type=\"container\">\n\t\t<div class=\"elementor-element elementor-element-6f5a774 e-con-full e-flex e-con e-child\" data-id=\"6f5a774\" data-element_type=\"container\" data-e-type=\"container\" data-settings=\"{&quot;background_background&quot;:&quot;classic&quot;}\">\n\t\t\t\t<div class=\"elementor-element elementor-element-d8e5f69 elementor-widget elementor-widget-text-editor\" data-id=\"d8e5f69\" data-element_type=\"widget\" data-e-type=\"widget\" data-widget_type=\"text-editor.default\">\n\t\t\t\t\t\t\t\t\t<p>D\u00fcsseldorf-K\u00f6-Bogen<\/p>\t\t\t\t\t\t\t\t<\/div>\n\t\t\t\t<div class=\"elementor-element elementor-element-a1eb6a1 elementor-widget elementor-widget-heading\" data-id=\"a1eb6a1\" data-element_type=\"widget\" data-e-type=\"widget\" data-widget_type=\"heading.default\">\n\t\t\t\t\t<h4 class=\"elementor-heading-title elementor-size-default\">THE CLOUD ONE<\/h4>\t\t\t\t<\/div>\n\t\t\t\t<div class=\"elementor-element elementor-element-7e4d6a6 elementor-widget elementor-widget-text-editor\" data-id=\"7e4d6a6\" data-element_type=\"widget\" data-e-type=\"widget\" data-widget_type=\"text-editor.default\">\n\t\t\t\t\t\t\t\t\t<b>*Simply follow the link<\/b>\t\t\t\t\t\t\t\t<\/div>\n\t\t\t\t<\/div>\n\t\t<div class=\"elementor-element elementor-element-985cb48 e-con-full e-flex e-con e-child\" data-id=\"985cb48\" data-element_type=\"container\" data-e-type=\"container\" data-settings=\"{&quot;background_background&quot;:&quot;classic&quot;}\">\n\t\t\t\t<div class=\"elementor-element elementor-element-0079c1d elementor-align-left elementor-widget elementor-widget-button\" data-id=\"0079c1d\" data-element_type=\"widget\" data-e-type=\"widget\" data-widget_type=\"button.default\">\n\t\t\t\t\t\t\t\t\t\t<a class=\"elementor-button elementor-button-link elementor-size-sm\" href=\"https:\/\/www.the-cloud-one.com\/de\/hotels\/duesseldorf\/hotel-duesseldorf-koebogen\/?gad_source=1&#038;gad_campaignid=23711483680&#038;gbraid=0AAAAApRHZgfdaYoIqrNKWGsGaiKPpDLWD&#038;gclid=CjwKCAjw1tLOBhAMEiwAiPkRHmcy57QbXKJIZLdqJLk1LvF4SUXHcpvjeT5N6FTpVOJpvF_oF5vuWxoCXBcQAvD_BwE\" target=\"_blank\">\n\t\t\t\t\t\t<span class=\"elementor-button-content-wrapper\">\n\t\t\t\t\t\t\t\t\t<span class=\"elementor-button-text\">To the website<\/span>\n\t\t\t\t\t<\/span>\n\t\t\t\t\t<\/a>\n\t\t\t\t\t\t\t\t<\/div>\n\t\t\t\t<\/div>\n\t\t\t\t<\/div>\n\t\t<div class=\"elementor-element elementor-element-c02f394 e-con-full e-flex e-con e-child\" data-id=\"c02f394\" data-element_type=\"container\" data-e-type=\"container\">\n\t\t<div class=\"elementor-element elementor-element-04d22bb e-con-full e-flex e-con e-child\" data-id=\"04d22bb\" data-element_type=\"container\" data-e-type=\"container\" data-settings=\"{&quot;background_background&quot;:&quot;classic&quot;}\">\n\t\t\t\t<div class=\"elementor-element elementor-element-315c905 elementor-widget elementor-widget-text-editor\" data-id=\"315c905\" data-element_type=\"widget\" data-e-type=\"widget\" data-widget_type=\"text-editor.default\">\n\t\t\t\t\t\t\t\t\t<p>D\u00fcsseldorf-Seestern<\/p>\t\t\t\t\t\t\t\t<\/div>\n\t\t\t\t<div class=\"elementor-element elementor-element-4c9fc74 elementor-widget elementor-widget-heading\" data-id=\"4c9fc74\" data-element_type=\"widget\" data-e-type=\"widget\" data-widget_type=\"heading.default\">\n\t\t\t\t\t<h4 class=\"elementor-heading-title elementor-size-default\">LINDNER HOTEL SEESTERN<\/h4>\t\t\t\t<\/div>\n\t\t\t\t<div class=\"elementor-element elementor-element-60bfe84 elementor-widget elementor-widget-text-editor\" data-id=\"60bfe84\" data-element_type=\"widget\" data-e-type=\"widget\" data-widget_type=\"text-editor.default\">\n\t\t\t\t\t\t\t\t\t<b>*CODE 1012977<\/b>\t\t\t\t\t\t\t\t<\/div>\n\t\t\t\t<\/div>\n\t\t<div class=\"elementor-element elementor-element-c491f11 e-con-full e-flex e-con e-child\" data-id=\"c491f11\" data-element_type=\"container\" data-e-type=\"container\" data-settings=\"{&quot;background_background&quot;:&quot;classic&quot;}\">\n\t\t\t\t<div class=\"elementor-element elementor-element-3882a22 elementor-align-right elementor-widget elementor-widget-button\" data-id=\"3882a22\" data-element_type=\"widget\" data-e-type=\"widget\" data-widget_type=\"button.default\">\n\t\t\t\t\t\t\t\t\t\t<a class=\"elementor-button elementor-button-link elementor-size-sm\" href=\"https:\/\/lindnerhotels.com\/hotels\/lindner-hotel-duesseldorf-seestern\" target=\"_blank\">\n\t\t\t\t\t\t<span class=\"elementor-button-content-wrapper\">\n\t\t\t\t\t\t\t\t\t<span class=\"elementor-button-text\">To the website<\/span>\n\t\t\t\t\t<\/span>\n\t\t\t\t\t<\/a>\n\t\t\t\t\t\t\t\t<\/div>\n\t\t\t\t<\/div>\n\t\t\t\t<\/div>\n\t\t\t\t\t<\/div>\n\t\t\t\t<\/div>\n\t\t\t\t<\/div>\n\t\t","protected":false},"excerpt":{"rendered":"<p>Visitor Information Opening Hours \u2013 Trends Up West 8.0 Saturday, June 27, 2026 \u00b7 10:00 AM \u2013 6:00 PM Sunday, June 28, 2026 \u00b7 10:00 AM \u2013 6:00 PM Monday, June 29, 2026 \u00b7 10:00 AM \u2013 5:00 PM Location: ADRESS: AREAL B\u00d6HLER, Hansaallee 321, 40549 D\u00fcsseldorf LOCATION: D\u00fcsseldorf-Meerbusch, 50 km from Cologne and only [&hellip;]<\/p>\n","protected":false},"author":2,"featured_media":0,"parent":0,"menu_order":4,"comment_status":"closed","ping_status":"closed","template":"elementor_header_footer","meta":{"footnotes":""},"class_list":["post-3441","page","type-page","status-publish","hentry"],"_links":{"self":[{"href":"https:\/\/trendsupwest.com\/en\/wp-json\/wp\/v2\/pages\/3441","targetHints":{"allow":["GET"]}}],"collection":[{"href":"https:\/\/trendsupwest.com\/en\/wp-json\/wp\/v2\/pages"}],"about":[{"href":"https:\/\/trendsupwest.com\/en\/wp-json\/wp\/v2\/types\/page"}],"author":[{"embeddable":true,"href":"https:\/\/trendsupwest.com\/en\/wp-json\/wp\/v2\/users\/2"}],"replies":[{"embeddable":true,"href":"https:\/\/trendsupwest.com\/en\/wp-json\/wp\/v2\/comments?post=3441"}],"version-history":[{"count":15,"href":"https:\/\/trendsupwest.com\/en\/wp-json\/wp\/v2\/pages\/3441\/revisions"}],"predecessor-version":[{"id":4296,"href":"https:\/\/trendsupwest.com\/en\/wp-json\/wp\/v2\/pages\/3441\/revisions\/4296"}],"wp:attachment":[{"href":"https:\/\/trendsupwest.com\/en\/wp-json\/wp\/v2\/media?parent=3441"}],"curies":[{"name":"wp","href":"https:\/\/api.w.org\/{rel}","templated":true}]}}